{"id":20,"date":"2016-09-24T15:23:59","date_gmt":"2016-09-24T15:23:59","guid":{"rendered":"http:\/\/www.codebusinessandservices.com\/?page_id=20"},"modified":"2019-08-14T05:20:43","modified_gmt":"2019-08-14T05:20:43","slug":"our-strengths","status":"publish","type":"page","link":"http:\/\/www.codebusinessandservices.com\/pt\/our-strengths\/","title":{"rendered":"Os Nossos Pontos Fortes"},"content":{"rendered":"<p><img decoding=\"async\" src=\"http:\/\/www.codebusinessandservices.com\/wp-content\/uploads\/2016\/10\/lion-e.jpg\" alt=\"our_strenghts\" class=\"alignnone size-medium wp-image-153\" \/><\/p>\n<p>As 10 principais raz\u00f5es para escolher a CoDe Business and Services para seu parceiro de neg\u00f3cios de confian\u00e7a \u00e9 porque somos especialistas em:<\/p>\n<ul>\n<li>Recolher e analisar dados para identificar o pa\u00eds\/\u00e1rea mais adequado para os neg\u00f3cios dos nossos clientes<\/li>\n<\/ul>\n<ul>\n<li>Fornecer relat\u00f3rios detalhados, a fim de possibilitar um melhor processo de tomada de decis\u00f5es para os nossos clientes<\/li>\n<\/ul>\n<ul>\n<li>Desenvolver planos de neg\u00f3cio profissionais com base na nossa vasta experi\u00eancia em estrat\u00e9gias de revitaliza\u00e7\u00e3o de empresas<\/li>\n<\/ul>\n<ul>\n<li>Conhecimento de economias emergentes, tenho operado durante mais de 10 anos em \u00c1frica e na Am\u00e9rica Latina<\/li>\n<\/ul>\n<ul>\n<li>Desenvolver estrat\u00e9gias, tendo apoiado um vasto n\u00famero de clientes na sele\u00e7\u00e3o da estrat\u00e9gia adequada para expandir as suas opera\u00e7\u00f5es<\/li>\n<\/ul>\n<ul>\n<li>Trabalho em rede, que \u00e9 fundamental para a expans\u00e3o do neg\u00f3cio<\/li>\n<\/ul>\n<ul>\n<li>Estabelecer a estrutura organizacional de empresas diferentes para implementar a estrat\u00e9gia identificada<\/li>\n<\/ul>\n<ul>\n<li>Selecionar os talentos locais e internacionais certos para a posi\u00e7\u00e3o certa<\/li>\n<\/ul>\n<ul>\n<li>Monitorizar o desempenho dos projetos a desenvolver numa economia emergente e longe do controlo da sede da empresa<\/li>\n<\/ul>\n<ul>\n<li>Fechar neg\u00f3cios com parceiros locais de confian\u00e7a<\/li>\n<\/ul>\n<p><\/p>","protected":false},"excerpt":{"rendered":"<p>As 10 principais raz\u00f5es para escolher a CoDe Business and Services para seu parceiro de neg\u00f3cios de confian\u00e7a \u00e9 porque somos especialistas em: Recolher e analisar dados para identificar o pa\u00eds\/\u00e1rea mais adequado para os neg\u00f3cios dos nossos clientes Fornecer relat\u00f3rios detalhados, a fim de possibilitar um melhor processo de tomada de decis\u00f5es para os <a href=\"http:\/\/www.codebusinessandservices.com\/pt\/our-strengths\/\" rel=\"nofollow\"><span class=\"sr-only\">Ler mais sobreOs Nossos Pontos Fortes<\/span>[&#8230;]<\/a><\/p>\n","protected":false},"author":1,"featured_media":0,"parent":0,"menu_order":3,"comment_status":"closed","ping_status":"closed","template":"template-fullwidth.php","meta":{"footnotes":""},"class_list":["post-20","page","type-page","status-publish","hentry"],"_links":{"self":[{"href":"http:\/\/www.codebusinessandservices.com\/pt\/wp-json\/wp\/v2\/pages\/20","targetHints":{"allow":["GET"]}}],"collection":[{"href":"http:\/\/www.codebusinessandservices.com\/pt\/wp-json\/wp\/v2\/pages"}],"about":[{"href":"http:\/\/www.codebusinessandservices.com\/pt\/wp-json\/wp\/v2\/types\/page"}],"author":[{"embeddable":true,"href":"http:\/\/www.codebusinessandservices.com\/pt\/wp-json\/wp\/v2\/users\/1"}],"replies":[{"embeddable":true,"href":"http:\/\/www.codebusinessandservices.com\/pt\/wp-json\/wp\/v2\/comments?post=20"}],"version-history":[{"count":9,"href":"http:\/\/www.codebusinessandservices.com\/pt\/wp-json\/wp\/v2\/pages\/20\/revisions"}],"predecessor-version":[{"id":3068,"href":"http:\/\/www.codebusinessandservices.com\/pt\/wp-json\/wp\/v2\/pages\/20\/revisions\/3068"}],"wp:attachment":[{"href":"http:\/\/www.codebusinessandservices.com\/pt\/wp-json\/wp\/v2\/media?parent=20"}],"curies":[{"name":"wp","href":"https:\/\/api.w.org\/{rel}","templated":true}]}}