{"id":18,"date":"2016-09-24T15:22:35","date_gmt":"2016-09-24T15:22:35","guid":{"rendered":"http:\/\/www.codebusinessandservices.com\/?page_id=18"},"modified":"2019-08-14T05:09:19","modified_gmt":"2019-08-14T05:09:19","slug":"our-services","status":"publish","type":"page","link":"http:\/\/www.codebusinessandservices.com\/it\/our-services\/","title":{"rendered":"I nostri servizi"},"content":{"rendered":"\t\t<div data-elementor-type=\"wp-post\" data-elementor-id=\"18\" class=\"elementor elementor-18 elementor-bc-flex-widget\">\n\t\t\t\t\t\t\t\t\t<section class=\"elementor-section elementor-top-section elementor-element elementor-element-36bafa50 elementor-section-boxed elementor-section-height-default elementor-section-height-default\" data-id=\"36bafa50\" data-element_type=\"section\">\n\t\t\t\t\t\t<div class=\"elementor-container elementor-column-gap-default\">\n\t\t\t\t\t<div class=\"elementor-column elementor-col-100 elementor-top-column elementor-element elementor-element-7ef8728\" data-id=\"7ef8728\" data-element_type=\"column\">\n\t\t\t<div class=\"elementor-widget-wrap elementor-element-populated\">\n\t\t\t\t\t\t\t\t<div class=\"elementor-element elementor-element-25bdfd1c elementor-widget elementor-widget-text-editor\" data-id=\"25bdfd1c\" data-element_type=\"widget\" data-widget_type=\"text-editor.default\">\n\t\t\t\t<div class=\"elementor-widget-container\">\n\t\t\t\t\t\t\t<p><\/p><div class=\"container\"><div class=\"row\"><div class=\"col-xs-12\"><p>CoDe Business and Services utilizza una metodologia avanzata molto efficace che identifica le tappe essenziali per permettere l\u2019espansione di attivit\u00e0 commerciali di societ\u00e0 private in economie emergenti.<\/p><p align=\"JUSTIFY\">La chiave del nostro successo \u00e8 la \u201cMetodologia in 10 passi\u201d <b>10-Step methodology<\/b> che identifica i 10 passi principali interconnessi tra di loro che una societ\u00e0 privata dove effettuare per entrare in un nuovo mercato emergente. Sviluppiamo programmi completi che forniscono un\u2019assistenza per tutte le tappe identificate dalla metodologia o anche programmi su misura che includono soltanto alcune delle fasi\/tappe per rispondere alle esigenze specifiche dei nostri clienti (metodologia ad hoc).<\/p><p align=\"JUSTIFY\">La Metodologia \u00e8 composta da 3 fasi principali che si suddividono in 10 passi in totale:<\/p><\/div><\/div><\/div><div id=\"first-phase\" class=\"jumbotron\"><div class=\"container\"><div class=\"row\"><div class=\"col-xs-12\"><h1>Fase 1 \u2013 BUSINESS INTELLIGENCE<\/h1><\/div><\/div><\/div><\/div><div id=\"first-step\" class=\"jumbotron step\"><div class=\"container\"><div class=\"row\"><div class=\"col-xs-12 col-md-7\"><h2>1. Raccolta di informazioni<\/h2><p class=\"lead\">Comprensione del business del cliente e identificazione dei paesi\/aree con condizioni commerciali favorevoli per un suo ulteriore sviluppo commerciale<\/p><\/div><\/div><\/div><\/div><div id=\"second-step\" class=\"jumbotron step\"><div class=\"container\"><div class=\"row\"><div class=\"col-xs-12 col-md-8 col-md-offset-4\"><h2>2. Sviluppo del business plan<\/h2><p class=\"lead\">Sviluppo di un business plan personalizzato sulla base dello Step 1 e approfondito con dati locali raccolti da case studies simili gi\u00e0 esistenti nel paese prescelto (dimensione della societ\u00e0, tipologia di attivit\u00e0 o prodotti, ecc.)<\/p><\/div><\/div><\/div><\/div><div id=\"third-step\" class=\"jumbotron step\"><div class=\"container\"><div class=\"row\"><div class=\"col-xs-12 col-md-7\"><h2>3. Come sviluppare il business<\/h2><p class=\"lead\">Analisi sul come sviluppare il business (&#8220;how to do business&#8221;) nel paese prescelto (legislazione\/requisiti amministrativi\/conformit\u00e0 di settore, etc.) e identificazione dei primi passi da intraprendere per lanciare le attivit\u00e0 nel paese.<\/p><\/div><\/div><\/div><\/div><div id=\"fourth-step\" class=\"jumbotron step\"><div class=\"container\"><div class=\"row\"><div class=\"col-xs-12 col-md-8 col-md-offset-4\"><h2>4. Strategia di business<\/h2><p class=\"lead\">Sviluppo di una strategia di business \u201cinformato\u201d che si basa sulla raccolta di informazioni sui concorrenti nel paese, i costi di produzione, i prodotti nel mercato locale, la possibilit\u00e0 di esportare verso paesi limitrofi, ecc. La strategia di business \u00e8 legata al business plan approvato nell\u2019ambito dello Step 2.<\/p><\/div><\/div><\/div><\/div><div id=\"second-phase\" class=\"jumbotron\"><div class=\"container\"><div class=\"row\"><div class=\"col-xs-12\"><h1>Fase 2 \u2013 BUSINESS DEVELOPMENT<\/h1><\/div><\/div><\/div><\/div><div id=\"fifth-step\" class=\"jumbotron step\"><div class=\"container\"><div class=\"row\"><div class=\"col-xs-12 col-md-7\"><h2>5. Esplorare il nuovo mercato<\/h2><p class=\"lead\">Facilitazione di un primo contatto con i principali partner istituzionali e di settore del paese scelto. Organizzazione della logistica per la missione esplorativa (ticketing, informazioni circa vaccinazioni, alberghi, informazioni locali, etc.).<\/p><\/div><\/div><\/div><\/div><div id=\"sixth-step\" class=\"jumbotron step\"><div class=\"container\"><div class=\"row\"><div class=\"col-xs-12 col-md-8 col-md-offset-4\"><h2>6. Identificazione di nuove opportunit\u00e0<\/h2><p class=\"lead\">Identificazione di nuove opportunit\u00e0 di business nel paese\/area identificati.<\/p><\/div><\/div><\/div><\/div><div id=\"third-phase\" class=\"jumbotron\"><div class=\"container\"><div class=\"row\"><div class=\"col-xs-12\"><h1>Fase 3 \u2013 ESECUZIONE<\/h1><\/div><\/div><\/div><\/div><div id=\"seventh-step\" class=\"jumbotron step\"><div class=\"container\"><div class=\"row\"><div class=\"col-xs-12 col-md-8 col-md-offset-4\"><h2>7. Stabilimento di una struttura locale operativa<\/h2><p class=\"lead\">Identificazione della struttura organizzativa pi\u00f9 consona alla tipologia di business nel contesto locale. Tutte le informazioni raccolte durante la fase di Business Intelligence saranno utilizzate per prendere decisioni \u201cinformate\u201d.<\/p><\/div><\/div><\/div><\/div><div id=\"eighth-step\" class=\"jumbotron step\"><div class=\"container\"><div class=\"row\"><div class=\"col-xs-12 col-md-7\"><h2>8. Selezione di nuovi talenti<\/h2><p class=\"lead\">Avere un business plan eccellente non aiuta se non \u00e8 affiancato dalle risorse umane giuste per la sua esecuzione. Per questo CoDe ha sviluppato una grande esperienza nel settore delle risorse umane e fornisce servizi di reclutamento e ricerca di talenti internazionali \/ locali per dar vita ai vostri progetti nella nuova area geografica di riferimento. CoDe fornisce servizi di \u201ccoaching\u201d e selezione anche tra il personale interno alla struttura per identificare imparzialmente, attraverso una metodologia consolidata, le persone pi\u00f9 adatte a sviluppare i mercati esteri dell\u2019azienda. Oltre alla ricerca e all\u2019identificazione di talenti ci occupiamo di sviluppare le loro capacit\u00e0 per assicurare la crescita del nuovo business internazionale.<\/p><\/div><\/div><\/div><\/div><div id=\"nineth-step\" class=\"jumbotron step\"><div class=\"container\"><div class=\"row\"><div class=\"col-xs-12 col-md-8 col-md-offset-4\"><h2>9. RTIS \u2013 Controllo della performance e delle attivit\u00e0<\/h2><p class=\"lead\">Il nostro sistema informatico RTIS (Real Time Information System) \u00e8 fatto su misura per rispondere alle esigenze dei vostri progetti. Con questo strumento informatico integrato \u00e8 possibile monitorare in tempo reale le prestazioni della squadra in loco e le prestazioni complessive del progetto. Maggiori informazioni si possono trovare nella sezione del sito \u201cRTIS system&#8221; dedicata.<\/p><\/div><\/div><\/div><\/div><div id=\"tenth-step\" class=\"jumbotron step\"><div class=\"container\"><div class=\"row\"><div class=\"col-xs-12 col-md-7\"><h2>10. Gestione delle relazioni con i clienti<\/h2><p class=\"lead\">Forniamo supporto nell\u2019impostare un corretto processo di gestione del rapporto con il cliente per garantire il successo del vostro business nel nuovo paese e mantenere rapporti di fiducia con contatti istituzionali e tecnici che garantiranno la continua espansione del business. La cultura locale e la rete di contatti sono degli elementi cruciali per avviare business di successo.<\/p><\/div><\/div><\/div><\/div><p><\/p>\t\t\t\t\t\t<\/div>\n\t\t\t\t<\/div>\n\t\t\t\t\t<\/div>\n\t\t<\/div>\n\t\t\t\t\t\t\t<\/div>\n\t\t<\/section>\n\t\t\t\t\t\t\t<\/div>\n\t\t","protected":false},"excerpt":{"rendered":"<p>CoDe Business and Services utilizza una metodologia avanzata molto efficace che identifica le tappe essenziali per permettere l\u2019espansione di attivit\u00e0 commerciali di societ\u00e0 private in economie emergenti. La chiave del nostro successo \u00e8 la \u201cMetodologia in 10 passi\u201d 10-Step methodology che identifica i 10 passi principali interconnessi tra di loro che una societ\u00e0 privata dove <a href=\"http:\/\/www.codebusinessandservices.com\/it\/our-services\/\" rel=\"nofollow\"><span class=\"sr-only\">Leggi di pi\u00f9I nostri servizi<\/span>[&#8230;]<\/a><\/p>\n","protected":false},"author":1,"featured_media":0,"parent":0,"menu_order":2,"comment_status":"closed","ping_status":"closed","template":"template-home.php","meta":{"footnotes":""},"class_list":["post-18","page","type-page","status-publish","hentry"],"_links":{"self":[{"href":"http:\/\/www.codebusinessandservices.com\/it\/wp-json\/wp\/v2\/pages\/18","targetHints":{"allow":["GET"]}}],"collection":[{"href":"http:\/\/www.codebusinessandservices.com\/it\/wp-json\/wp\/v2\/pages"}],"about":[{"href":"http:\/\/www.codebusinessandservices.com\/it\/wp-json\/wp\/v2\/types\/page"}],"author":[{"embeddable":true,"href":"http:\/\/www.codebusinessandservices.com\/it\/wp-json\/wp\/v2\/users\/1"}],"replies":[{"embeddable":true,"href":"http:\/\/www.codebusinessandservices.com\/it\/wp-json\/wp\/v2\/comments?post=18"}],"version-history":[{"count":94,"href":"http:\/\/www.codebusinessandservices.com\/it\/wp-json\/wp\/v2\/pages\/18\/revisions"}],"predecessor-version":[{"id":3066,"href":"http:\/\/www.codebusinessandservices.com\/it\/wp-json\/wp\/v2\/pages\/18\/revisions\/3066"}],"wp:attachment":[{"href":"http:\/\/www.codebusinessandservices.com\/it\/wp-json\/wp\/v2\/media?parent=18"}],"curies":[{"name":"wp","href":"https:\/\/api.w.org\/{rel}","templated":true}]}}