{"id":20,"date":"2016-09-24T15:23:59","date_gmt":"2016-09-24T15:23:59","guid":{"rendered":"http:\/\/www.codebusinessandservices.com\/?page_id=20"},"modified":"2019-08-14T05:20:43","modified_gmt":"2019-08-14T05:20:43","slug":"our-strengths","status":"publish","type":"page","link":"http:\/\/www.codebusinessandservices.com\/fr\/our-strengths\/","title":{"rendered":"Nos forces"},"content":{"rendered":"<p><img decoding=\"async\" src=\"http:\/\/www.codebusinessandservices.com\/wp-content\/uploads\/2016\/10\/lion-e.jpg\" alt=\"our_strenghts\" class=\"alignnone size-medium wp-image-153\" \/><\/p>\n<p>Les 10 raisons principales que vous avez de choisir CoDe Business and Services comme partenaire d\u2019affaires de confiance sont notre excellence en mati\u00e8re de:<\/p>\n<ul>\n<li>Collecte et analyse de donn\u00e9es pour identifier le pays\/zone le(a) plus propice \u00e0 l\u2019activit\u00e9 de nos clients<\/li>\n<\/ul>\n<ul>\n<li>Rapports pertinents pour permettre \u00e0 nos clients d\u2019am\u00e9liorer leur processus de prise de d\u00e9cision<\/li>\n<\/ul>\n<ul>\n<li>D\u00e9veloppement de plans d\u2019affaires professionnels \u00e0 la lumi\u00e8re de notre vaste exp\u00e9rience en mati\u00e8re de strat\u00e9gies de revitalisation d\u2019activit\u00e9s \u00e9conomiques<\/li>\n<\/ul>\n<ul>\n<li>Connaissance des \u00e9conomies \u00e9mergentes, pour avoir travaill\u00e9 plus de 10 ans \u00e0 travers toute l\u2019Afrique et l\u2019Am\u00e9rique Latine<\/li>\n<\/ul>\n<ul>\n<li>D\u00e9veloppement de strat\u00e9gies, pour avoir assist\u00e9 un grand nombre de clients \u00e0 choisir la bonne strat\u00e9gie pour \u00e9tendre leurs activit\u00e9s<\/li>\n<\/ul>\n<ul>\n<li>R\u00e9seautage, qui est central dans le d\u00e9veloppement d\u2019une entreprise<\/li>\n<\/ul>\n<ul>\n<li>Mise en place de la structure organisationnelle de diff\u00e9rentes soci\u00e9t\u00e9s afin de mettre en \u0153uvre la strat\u00e9gie identifi\u00e9e<\/li>\n<\/ul>\n<ul>\n<li>S\u00e9lection du bon talent local ou international pour le bon poste<\/li>\n<\/ul>\n<ul>\n<li>Contr\u00f4le de la performance de projets r\u00e9alis\u00e9s dans un pays \u00e9mergent, loin du contr\u00f4le du si\u00e8ge<\/li>\n<\/ul>\n<ul>\n<li>Conclusion de ventes avec des partenaires locaux fiables<\/li>\n<\/ul>\n<p><\/p>","protected":false},"excerpt":{"rendered":"<p>Les 10 raisons principales que vous avez de choisir CoDe Business and Services comme partenaire d\u2019affaires de confiance sont notre excellence en mati\u00e8re de: Collecte et analyse de donn\u00e9es pour identifier le pays\/zone le(a) plus propice \u00e0 l\u2019activit\u00e9 de nos clients Rapports pertinents pour permettre \u00e0 nos clients d\u2019am\u00e9liorer leur processus de prise de d\u00e9cision <a href=\"http:\/\/www.codebusinessandservices.com\/fr\/our-strengths\/\" rel=\"nofollow\"><span class=\"sr-only\">En savoir plus surNos forces<\/span>[&#8230;]<\/a><\/p>\n","protected":false},"author":1,"featured_media":0,"parent":0,"menu_order":3,"comment_status":"closed","ping_status":"closed","template":"template-fullwidth.php","meta":{"footnotes":""},"class_list":["post-20","page","type-page","status-publish","hentry"],"_links":{"self":[{"href":"http:\/\/www.codebusinessandservices.com\/fr\/wp-json\/wp\/v2\/pages\/20","targetHints":{"allow":["GET"]}}],"collection":[{"href":"http:\/\/www.codebusinessandservices.com\/fr\/wp-json\/wp\/v2\/pages"}],"about":[{"href":"http:\/\/www.codebusinessandservices.com\/fr\/wp-json\/wp\/v2\/types\/page"}],"author":[{"embeddable":true,"href":"http:\/\/www.codebusinessandservices.com\/fr\/wp-json\/wp\/v2\/users\/1"}],"replies":[{"embeddable":true,"href":"http:\/\/www.codebusinessandservices.com\/fr\/wp-json\/wp\/v2\/comments?post=20"}],"version-history":[{"count":9,"href":"http:\/\/www.codebusinessandservices.com\/fr\/wp-json\/wp\/v2\/pages\/20\/revisions"}],"predecessor-version":[{"id":3068,"href":"http:\/\/www.codebusinessandservices.com\/fr\/wp-json\/wp\/v2\/pages\/20\/revisions\/3068"}],"wp:attachment":[{"href":"http:\/\/www.codebusinessandservices.com\/fr\/wp-json\/wp\/v2\/media?parent=20"}],"curies":[{"name":"wp","href":"https:\/\/api.w.org\/{rel}","templated":true}]}}