{"id":20,"date":"2016-09-24T15:23:59","date_gmt":"2016-09-24T15:23:59","guid":{"rendered":"http:\/\/www.codebusinessandservices.com\/?page_id=20"},"modified":"2019-08-14T05:20:43","modified_gmt":"2019-08-14T05:20:43","slug":"our-strengths","status":"publish","type":"page","link":"http:\/\/www.codebusinessandservices.com\/es\/our-strengths\/","title":{"rendered":"Nuestras fortalezas"},"content":{"rendered":"<p><img decoding=\"async\" src=\"http:\/\/www.codebusinessandservices.com\/wp-content\/uploads\/2016\/10\/lion-e.jpg\" alt=\"our_strenghts\" class=\"alignnone size-medium wp-image-153\" \/><\/p>\n<p>Las 10 principales razones por las que elegir a CoDe Business and Services como socio de negocios fiable son que sobresalimos en:<\/p>\n<ul>\n<li>Recopilar y analizar datos para identificar el pa\u00eds o la zona m\u00e1s adecuados para el negocio de nuestro cliente<\/li>\n<\/ul>\n<ul>\n<li>Proporcionar informaci\u00f3n detallada y documentada para facilitar el proceso de toma de decisiones de nuestros clientes<\/li>\n<\/ul>\n<ul>\n<li>Desarrollar planes de negocio profesionales basados en nuestra amplia experiencia en estrategias de regeneraci\u00f3n de empresas<\/li>\n<\/ul>\n<ul>\n<li>Amplios conocimientos sobre las econom\u00edas emergentes, pues tenemos m\u00e1s de 10 a\u00f1os de experiencia trabajando en \u00c1frica y Am\u00e9rica Latina<\/li>\n<\/ul>\n<ul>\n<li>Desarrollar estrategias, pues hemos dado apoyo a un gran n\u00famero de clientes ayud\u00e1ndolos a seleccionar la estrategia m\u00e1s adecuada para la expansi\u00f3n de sus actividades<\/li>\n<\/ul>\n<ul>\n<li>Desarrollar y mantener de una red de contactos, factor clave en la expansi\u00f3n de negocios<\/li>\n<\/ul>\n<ul>\n<li>Establecer la estructura organizativa de distintas empresas para implementar la estrategia identificada<\/li>\n<\/ul>\n<ul>\n<li>Seleccionar al personal local e internacional m\u00e1s adecuado para cada puesto<\/li>\n<\/ul>\n<ul>\n<li>Supervisar el rendimiento de los proyectos situados en econom\u00edas emergentes y alejados del control de la sede<\/li>\n<\/ul>\n<ul>\n<li>Cerrar tratos con socios locales fiables<\/li>\n<\/ul>\n<p><\/p>","protected":false},"excerpt":{"rendered":"<p>Las 10 principales razones por las que elegir a CoDe Business and Services como socio de negocios fiable son que sobresalimos en: Recopilar y analizar datos para identificar el pa\u00eds o la zona m\u00e1s adecuados para el negocio de nuestro cliente Proporcionar informaci\u00f3n detallada y documentada para facilitar el proceso de toma de decisiones de <a href=\"http:\/\/www.codebusinessandservices.com\/es\/our-strengths\/\" rel=\"nofollow\"><span class=\"sr-only\">Leer m\u00e1sNuestras fortalezas<\/span>[&#8230;]<\/a><\/p>\n","protected":false},"author":1,"featured_media":0,"parent":0,"menu_order":3,"comment_status":"closed","ping_status":"closed","template":"template-fullwidth.php","meta":{"footnotes":""},"class_list":["post-20","page","type-page","status-publish","hentry"],"_links":{"self":[{"href":"http:\/\/www.codebusinessandservices.com\/es\/wp-json\/wp\/v2\/pages\/20","targetHints":{"allow":["GET"]}}],"collection":[{"href":"http:\/\/www.codebusinessandservices.com\/es\/wp-json\/wp\/v2\/pages"}],"about":[{"href":"http:\/\/www.codebusinessandservices.com\/es\/wp-json\/wp\/v2\/types\/page"}],"author":[{"embeddable":true,"href":"http:\/\/www.codebusinessandservices.com\/es\/wp-json\/wp\/v2\/users\/1"}],"replies":[{"embeddable":true,"href":"http:\/\/www.codebusinessandservices.com\/es\/wp-json\/wp\/v2\/comments?post=20"}],"version-history":[{"count":9,"href":"http:\/\/www.codebusinessandservices.com\/es\/wp-json\/wp\/v2\/pages\/20\/revisions"}],"predecessor-version":[{"id":3068,"href":"http:\/\/www.codebusinessandservices.com\/es\/wp-json\/wp\/v2\/pages\/20\/revisions\/3068"}],"wp:attachment":[{"href":"http:\/\/www.codebusinessandservices.com\/es\/wp-json\/wp\/v2\/media?parent=20"}],"curies":[{"name":"wp","href":"https:\/\/api.w.org\/{rel}","templated":true}]}}